{"id":1621,"date":"2023-08-28T15:03:54","date_gmt":"2023-08-28T13:03:54","guid":{"rendered":"https:\/\/levedejeker.eu\/?page_id=1621"},"modified":"2023-10-13T09:58:17","modified_gmt":"2023-10-13T07:58:17","slug":"leve-de-jeker-op-school","status":"publish","type":"page","link":"https:\/\/levedejeker.eu\/fr\/leve-de-jeker-op-school\/","title":{"rendered":"Vive le Geer A L'ECOLE"},"content":{"rendered":"<div data-elementor-type=\"wp-page\" data-elementor-id=\"1621\" class=\"elementor elementor-1621\" data-elementor-post-type=\"page\">\n\t\t\t\t<div class=\"elementor-element elementor-element-780bb1b e-flex e-con-boxed elementor-invisible e-con e-parent\" data-id=\"780bb1b\" data-element_type=\"container\" data-e-type=\"container\" data-settings=\"{&quot;background_background&quot;:&quot;classic&quot;,&quot;animation&quot;:&quot;fadeIn&quot;,&quot;jet_parallax_layout_list&quot;:[]}\">\n\t\t\t\t\t<div class=\"e-con-inner\">\n\t\t\t\t<div class=\"elementor-element elementor-element-492c710 elementor-widget-mobile__width-inherit elementor-invisible elementor-widget elementor-widget-heading\" data-id=\"492c710\" data-element_type=\"widget\" data-e-type=\"widget\" data-settings=\"{&quot;_animation&quot;:&quot;fadeInUp&quot;}\" data-widget_type=\"heading.default\">\n\t\t\t\t<div class=\"elementor-widget-container\">\n\t\t\t\t\t<h1 class=\"elementor-heading-title elementor-size-default\">Vive le Geer A L'ECOLE<\/h1>\t\t\t\t<\/div>\n\t\t\t\t<\/div>\n\t\t\t\t\t<\/div>\n\t\t\t\t<\/div>\n\t\t<div class=\"elementor-element elementor-element-e60a77c e-flex e-con-boxed e-con e-parent\" data-id=\"e60a77c\" data-element_type=\"container\" data-e-type=\"container\" data-settings=\"{&quot;jet_parallax_layout_list&quot;:[],&quot;background_background&quot;:&quot;classic&quot;}\">\n\t\t\t\t\t<div class=\"e-con-inner\">\n\t\t<div class=\"elementor-element elementor-element-12e6b64 e-con-full e-flex e-con e-child\" data-id=\"12e6b64\" data-element_type=\"container\" data-e-type=\"container\" data-settings=\"{&quot;jet_parallax_layout_list&quot;:[],&quot;animation&quot;:&quot;none&quot;}\">\n\t\t\t\t<div class=\"elementor-element elementor-element-d47a8c4 elementor-widget elementor-widget-heading\" data-id=\"d47a8c4\" data-element_type=\"widget\" data-e-type=\"widget\" data-settings=\"{&quot;_animation&quot;:&quot;none&quot;}\" data-widget_type=\"heading.default\">\n\t\t\t\t<div class=\"elementor-widget-container\">\n\t\t\t\t\t<h2 class=\"elementor-heading-title elementor-size-default\">Vive le Geer A L'ECOLE<\/h2>\t\t\t\t<\/div>\n\t\t\t\t<\/div>\n\t\t\t\t<div class=\"elementor-element elementor-element-592b08f elementor-widget elementor-widget-text-editor\" data-id=\"592b08f\" data-element_type=\"widget\" data-e-type=\"widget\" data-widget_type=\"text-editor.default\">\n\t\t\t\t<div class=\"elementor-widget-container\">\n\t\t\t\t\t\t\t\t\t<p><span class=\"NormalTextRun SCXW90139680 BCX0\">Le 19 septembre, nous partons \u00e0 l'aventure ! Fondation Vive le <\/span><span class=\"NormalTextRun SpellingErrorV2Themed SCXW90139680 BCX0\">Geer,<\/span><span class=\"NormalTextRun SCXW90139680 BCX0\"> s'associe avec Basse-<\/span><span class=\"NormalTextRun SpellingErrorV2Themed SCXW90139680 BCX0\">Meuse<\/span> <span class=\"NormalTextRun SpellingErrorV2Themed SCXW90139680 BCX0\">D\u00e9veloppement<\/span><span class=\"NormalTextRun SCXW90139680 BCX0\"> et les Classes Vivantes pour une journ\u00e9e passionnante au <\/span><span class=\"NormalTextRun SpellingErrorV2Themed SCXW90139680 BCX0\">Moulin<\/span><span class=\"NormalTextRun SCXW90139680 BCX0\"> de <\/span><span class=\"NormalTextRun SpellingErrorV2Themed SCXW90139680 BCX0\">Broukay<\/span><span class=\"NormalTextRun SCXW90139680 BCX0\"> \u00e0 <\/span><span class=\"NormalTextRun SpellingErrorV2Themed SCXW90139680 BCX0\">Eben<\/span> <span class=\"NormalTextRun SpellingErrorV2Themed SCXW90139680 BCX0\">Emael<\/span><span class=\"NormalTextRun SCXW90139680 BCX0\">. <\/span><span class=\"NormalTextRun SCXW90139680 BCX0\">Ecoliers<\/span><span class=\"NormalTextRun SCXW90139680 BCX0\">, <\/span><span class=\"NormalTextRun SCXW90139680 BCX0\">(<\/span><span class=\"NormalTextRun SCXW90139680 BCX0\">10 \u00e0 12 ans<\/span><span class=\"NormalTextRun SCXW90139680 BCX0\">)<\/span> <span class=\"NormalTextRun SCXW90139680 BCX0\">provenant de trois \u00e9coles primaires de <\/span><span class=\"NormalTextRun SCXW90139680 BCX0\">bassin versant (<\/span><span class=\"NormalTextRun SCXW90139680 BCX0\">1 de Wallonie, 1 de Flandres<\/span><span class=\"NormalTextRun SCXW90139680 BCX0\"> et <\/span><span class=\"NormalTextRun SCXW90139680 BCX0\">1 de <\/span><span class=\"NormalTextRun SCXW90139680 BCX0\">Pays-Bas) sont invit\u00e9s. <\/span><\/p><p><span class=\"NormalTextRun SCXW90139680 BCX0\">Nous plongeons dans un fantastique <\/span><span class=\"NormalTextRun SpellingErrorV2Themed SCXW90139680 BCX0\">Jeu de l'\u00e9co-syst\u00e8me<\/span><span class=\"NormalTextRun SCXW90139680 BCX0\"> de la Vall\u00e9e du Geer, dont le protagoniste n'est autre que notre ami Gerard l'Oie. Il s'inqui\u00e8te pour sa maison et, ensemble, nous d\u00e9couvrons comment, en tant que participants \u00e0 un \u00e9cosyst\u00e8me, nous sommes tous li\u00e9s. <\/span><\/p><p><strong><span class=\"NormalTextRun SCXW90139680 BCX0\">Une journ\u00e9e de plaisir, d'apprentissage et d'aventure nous attend !<\/span><\/strong><\/p>\t\t\t\t\t\t\t\t<\/div>\n\t\t\t\t<\/div>\n\t\t\t\t<div class=\"elementor-element elementor-element-35c892f elementor-widget elementor-widget-image\" data-id=\"35c892f\" data-element_type=\"widget\" data-e-type=\"widget\" data-widget_type=\"image.default\">\n\t\t\t\t<div class=\"elementor-widget-container\">\n\t\t\t\t\t\t\t\t\t\t\t\t\t\t\t<img fetchpriority=\"high\" decoding=\"async\" width=\"800\" height=\"578\" src=\"https:\/\/levedejeker.eu\/wp-content\/uploads\/2023\/09\/castor.png\" class=\"attachment-large size-large wp-image-1752\" alt=\"\" srcset=\"https:\/\/levedejeker.eu\/wp-content\/uploads\/2023\/09\/castor.png 1000w, https:\/\/levedejeker.eu\/wp-content\/uploads\/2023\/09\/castor-300x217.png 300w, https:\/\/levedejeker.eu\/wp-content\/uploads\/2023\/09\/castor-768x555.png 768w\" sizes=\"(max-width: 800px) 100vw, 800px\" \/>\t\t\t\t\t\t\t\t\t\t\t\t\t\t\t<\/div>\n\t\t\t\t<\/div>\n\t\t\t\t<\/div>\n\t\t<div class=\"elementor-element elementor-element-2292d56 e-con-full e-flex e-con e-child\" data-id=\"2292d56\" data-element_type=\"container\" data-e-type=\"container\" data-settings=\"{&quot;jet_parallax_layout_list&quot;:[]}\">\n\t\t\t\t<div class=\"elementor-element elementor-element-f5f303e elementor-widget elementor-widget-image\" data-id=\"f5f303e\" data-element_type=\"widget\" data-e-type=\"widget\" data-widget_type=\"image.default\">\n\t\t\t\t<div class=\"elementor-widget-container\">\n\t\t\t\t\t\t\t\t\t\t\t\t\t\t\t<img decoding=\"async\" width=\"800\" height=\"800\" src=\"https:\/\/levedejeker.eu\/wp-content\/uploads\/2023\/09\/geer-1.png\" class=\"attachment-large size-large wp-image-1715\" alt=\"\" srcset=\"https:\/\/levedejeker.eu\/wp-content\/uploads\/2023\/09\/geer-1.png 1000w, https:\/\/levedejeker.eu\/wp-content\/uploads\/2023\/09\/geer-1-300x300.png 300w, https:\/\/levedejeker.eu\/wp-content\/uploads\/2023\/09\/geer-1-150x150.png 150w, https:\/\/levedejeker.eu\/wp-content\/uploads\/2023\/09\/geer-1-768x768.png 768w\" sizes=\"(max-width: 800px) 100vw, 800px\" \/>\t\t\t\t\t\t\t\t\t\t\t\t\t\t\t<\/div>\n\t\t\t\t<\/div>\n\t\t\t\t<div class=\"elementor-element elementor-element-5fafa1c elementor-widget elementor-widget-text-editor\" data-id=\"5fafa1c\" data-element_type=\"widget\" data-e-type=\"widget\" data-widget_type=\"text-editor.default\">\n\t\t\t\t<div class=\"elementor-widget-container\">\n\t\t\t\t\t\t\t\t\t<p><span class=\"TextRun SCXW235752743 BCX0\" lang=\"NL-NL\" xml:lang=\"NL-NL\" data-contrast=\"auto\"><span class=\"NormalTextRun SCXW235752743 BCX0\">Autres \u00e9c<\/span><span class=\"NormalTextRun SCXW235752743 BCX0\">oles primaires<\/span><span class=\"NormalTextRun SCXW235752743 BCX0\"> int\u00e9ress\u00e9es<\/span> <span class=\"NormalTextRun SCXW235752743 BCX0\">peuvent s'inscrire apr\u00e8s le 19 septembre 2023 via <\/span><\/span><a class=\"Hyperlink SCXW235752743 BCX0\" href=\"mailto:contact@levedejeker.eu\" target=\"_blank\" rel=\"noreferrer noopener\"><span class=\"TextRun Underlined SCXW235752743 BCX0\" lang=\"NL-NL\" xml:lang=\"NL-NL\" data-contrast=\"none\"><span class=\"NormalTextRun SCXW235752743 BCX0\" data-ccp-charstyle=\"Hyperlink\">contact@levedejeker.eu<\/span><\/span><\/a><span class=\"TextRun SCXW235752743 BCX0\" lang=\"NL-NL\" xml:lang=\"NL-NL\" data-contrast=\"auto\"><span class=\"NormalTextRun SCXW235752743 BCX0\">\u00a0<\/span><\/span><span class=\"EOP SCXW235752743 BCX0\" data-ccp-props=\"{}\">\u00a0<\/span><\/p>\t\t\t\t\t\t\t\t<\/div>\n\t\t\t\t<\/div>\n\t\t\t\t<div class=\"elementor-element elementor-element-cd46be7 elementor-icon-list--layout-traditional elementor-list-item-link-full_width elementor-widget elementor-widget-icon-list\" data-id=\"cd46be7\" data-element_type=\"widget\" data-e-type=\"widget\" data-widget_type=\"icon-list.default\">\n\t\t\t\t<div class=\"elementor-widget-container\">\n\t\t\t\t\t\t\t<ul class=\"elementor-icon-list-items\">\n\t\t\t\t\t\t\t<li class=\"elementor-icon-list-item\">\n\t\t\t\t\t\t\t\t\t\t\t<span class=\"elementor-icon-list-icon\">\n\t\t\t\t\t\t\t<i aria-hidden=\"true\" class=\"fas fa-location-arrow\"><\/i>\t\t\t\t\t\t<\/span>\n\t\t\t\t\t\t\t\t\t\t<span class=\"elementor-icon-list-text\">Adresse : 4690 Eben Emael \u2013 Rue du Village \u2013 38<\/span>\n\t\t\t\t\t\t\t\t\t<\/li>\n\t\t\t\t\t\t<\/ul>\n\t\t\t\t\t\t<\/div>\n\t\t\t\t<\/div>\n\t\t\t\t<\/div>\n\t\t\t\t\t<\/div>\n\t\t\t\t<\/div>\n\t\t<div class=\"elementor-element elementor-element-cdaed74 e-flex e-con-boxed e-con e-parent\" data-id=\"cdaed74\" data-element_type=\"container\" data-e-type=\"container\" data-settings=\"{&quot;jet_parallax_layout_list&quot;:[]}\">\n\t\t\t\t\t<div class=\"e-con-inner\">\n\t\t\t\t<div class=\"elementor-element elementor-element-f8fb9a1 elementor-widget elementor-widget-heading\" data-id=\"f8fb9a1\" data-element_type=\"widget\" data-e-type=\"widget\" data-settings=\"{&quot;_animation&quot;:&quot;none&quot;}\" data-widget_type=\"heading.default\">\n\t\t\t\t<div class=\"elementor-widget-container\">\n\t\t\t\t\t<h2 class=\"elementor-heading-title elementor-size-default\">Galerie<\/h2>\t\t\t\t<\/div>\n\t\t\t\t<\/div>\n\t\t\t\t<div class=\"elementor-element elementor-element-a2a6082 elementor-widget elementor-widget-gallery\" data-id=\"a2a6082\" data-element_type=\"widget\" data-e-type=\"widget\" data-settings=\"{&quot;gallery_layout&quot;:&quot;masonry&quot;,&quot;lazyload&quot;:&quot;yes&quot;,&quot;columns&quot;:4,&quot;columns_tablet&quot;:2,&quot;columns_mobile&quot;:1,&quot;gap&quot;:{&quot;unit&quot;:&quot;px&quot;,&quot;size&quot;:10,&quot;sizes&quot;:[]},&quot;gap_widescreen&quot;:{&quot;unit&quot;:&quot;px&quot;,&quot;size&quot;:&quot;&quot;,&quot;sizes&quot;:[]},&quot;gap_tablet&quot;:{&quot;unit&quot;:&quot;px&quot;,&quot;size&quot;:10,&quot;sizes&quot;:[]},&quot;gap_mobile&quot;:{&quot;unit&quot;:&quot;px&quot;,&quot;size&quot;:10,&quot;sizes&quot;:[]},&quot;link_to&quot;:&quot;file&quot;,&quot;overlay_background&quot;:&quot;yes&quot;,&quot;content_hover_animation&quot;:&quot;fade-in&quot;}\" data-widget_type=\"gallery.default\">\n\t\t\t\t<div class=\"elementor-widget-container\">\n\t\t\t\t\t\t\t<div class=\"elementor-gallery__container\">\n\t\t\t\t\t\t\t<a class=\"e-gallery-item elementor-gallery-item elementor-animated-content\" href=\"https:\/\/levedejeker.eu\/wp-content\/uploads\/2023\/09\/cath-hirondelle-groot.jpeg\" data-elementor-open-lightbox=\"yes\" data-elementor-lightbox-slideshow=\"a2a6082\" data-e-action-hash=\"#elementor-action%3Aaction%3Dlightbox%26settings%3DeyJpZCI6MTc2NiwidXJsIjoiaHR0cHM6XC9cL2xldmVkZWpla2VyLmV1XC93cC1jb250ZW50XC91cGxvYWRzXC8yMDIzXC8wOVwvY2F0aC1oaXJvbmRlbGxlLWdyb290LmpwZWciLCJzbGlkZXNob3ciOiJhMmE2MDgyIn0%3D\">\n\t\t\t\t\t<div class=\"e-gallery-image elementor-gallery-item__image\" data-thumbnail=\"https:\/\/levedejeker.eu\/wp-content\/uploads\/2023\/09\/cath-hirondelle-groot-300x225.jpeg\" data-width=\"300\" data-height=\"225\" aria-label=\"\" role=\"img\" ><\/div>\n\t\t\t\t\t\t\t\t\t\t\t<div class=\"elementor-gallery-item__overlay\"><\/div>\n\t\t\t\t\t\t\t\t\t\t\t\t\t\t<\/a>\n\t\t\t\t\t\t\t<a class=\"e-gallery-item elementor-gallery-item elementor-animated-content\" href=\"https:\/\/levedejeker.eu\/wp-content\/uploads\/2023\/09\/raton-laveur-groot.jpeg\" data-elementor-open-lightbox=\"yes\" data-elementor-lightbox-slideshow=\"a2a6082\" data-e-action-hash=\"#elementor-action%3Aaction%3Dlightbox%26settings%3DeyJpZCI6MTc2MCwidXJsIjoiaHR0cHM6XC9cL2xldmVkZWpla2VyLmV1XC93cC1jb250ZW50XC91cGxvYWRzXC8yMDIzXC8wOVwvcmF0b24tbGF2ZXVyLWdyb290LmpwZWciLCJzbGlkZXNob3ciOiJhMmE2MDgyIn0%3D\">\n\t\t\t\t\t<div class=\"e-gallery-image elementor-gallery-item__image\" data-thumbnail=\"https:\/\/levedejeker.eu\/wp-content\/uploads\/2023\/09\/raton-laveur-groot-300x225.jpeg\" data-width=\"300\" data-height=\"225\" aria-label=\"\" role=\"img\" ><\/div>\n\t\t\t\t\t\t\t\t\t\t\t<div class=\"elementor-gallery-item__overlay\"><\/div>\n\t\t\t\t\t\t\t\t\t\t\t\t\t\t<\/a>\n\t\t\t\t\t\t\t<a class=\"e-gallery-item elementor-gallery-item elementor-animated-content\" href=\"https:\/\/levedejeker.eu\/wp-content\/uploads\/2023\/09\/souris-groot.jpeg\" data-elementor-open-lightbox=\"yes\" data-elementor-lightbox-slideshow=\"a2a6082\" data-e-action-hash=\"#elementor-action%3Aaction%3Dlightbox%26settings%3DeyJpZCI6MTc2MSwidXJsIjoiaHR0cHM6XC9cL2xldmVkZWpla2VyLmV1XC93cC1jb250ZW50XC91cGxvYWRzXC8yMDIzXC8wOVwvc291cmlzLWdyb290LmpwZWciLCJzbGlkZXNob3ciOiJhMmE2MDgyIn0%3D\">\n\t\t\t\t\t<div class=\"e-gallery-image elementor-gallery-item__image\" data-thumbnail=\"https:\/\/levedejeker.eu\/wp-content\/uploads\/2023\/09\/souris-groot-300x225.jpeg\" data-width=\"300\" data-height=\"225\" aria-label=\"\" role=\"img\" ><\/div>\n\t\t\t\t\t\t\t\t\t\t\t<div class=\"elementor-gallery-item__overlay\"><\/div>\n\t\t\t\t\t\t\t\t\t\t\t\t\t\t<\/a>\n\t\t\t\t\t\t\t<a class=\"e-gallery-item elementor-gallery-item elementor-animated-content\" href=\"https:\/\/levedejeker.eu\/wp-content\/uploads\/2023\/09\/chouette-groot.jpeg\" data-elementor-open-lightbox=\"yes\" data-elementor-lightbox-slideshow=\"a2a6082\" data-e-action-hash=\"#elementor-action%3Aaction%3Dlightbox%26settings%3DeyJpZCI6MTc2MywidXJsIjoiaHR0cHM6XC9cL2xldmVkZWpla2VyLmV1XC93cC1jb250ZW50XC91cGxvYWRzXC8yMDIzXC8wOVwvY2hvdWV0dGUtZ3Jvb3QuanBlZyIsInNsaWRlc2hvdyI6ImEyYTYwODIifQ%3D%3D\">\n\t\t\t\t\t<div class=\"e-gallery-image elementor-gallery-item__image\" data-thumbnail=\"https:\/\/levedejeker.eu\/wp-content\/uploads\/2023\/09\/chouette-groot-300x225.jpeg\" data-width=\"300\" data-height=\"225\" aria-label=\"\" role=\"img\" ><\/div>\n\t\t\t\t\t\t\t\t\t\t\t<div class=\"elementor-gallery-item__overlay\"><\/div>\n\t\t\t\t\t\t\t\t\t\t\t\t\t\t<\/a>\n\t\t\t\t\t\t\t<a class=\"e-gallery-item elementor-gallery-item elementor-animated-content\" href=\"https:\/\/levedejeker.eu\/wp-content\/uploads\/2023\/09\/lion-groot.jpeg\" data-elementor-open-lightbox=\"yes\" data-elementor-lightbox-slideshow=\"a2a6082\" data-e-action-hash=\"#elementor-action%3Aaction%3Dlightbox%26settings%3DeyJpZCI6MTc2NCwidXJsIjoiaHR0cHM6XC9cL2xldmVkZWpla2VyLmV1XC93cC1jb250ZW50XC91cGxvYWRzXC8yMDIzXC8wOVwvbGlvbi1ncm9vdC5qcGVnIiwic2xpZGVzaG93IjoiYTJhNjA4MiJ9\">\n\t\t\t\t\t<div class=\"e-gallery-image elementor-gallery-item__image\" data-thumbnail=\"https:\/\/levedejeker.eu\/wp-content\/uploads\/2023\/09\/lion-groot-300x225.jpeg\" data-width=\"300\" data-height=\"225\" aria-label=\"\" role=\"img\" ><\/div>\n\t\t\t\t\t\t\t\t\t\t\t<div class=\"elementor-gallery-item__overlay\"><\/div>\n\t\t\t\t\t\t\t\t\t\t\t\t\t\t<\/a>\n\t\t\t\t\t\t\t<a class=\"e-gallery-item elementor-gallery-item elementor-animated-content\" href=\"https:\/\/levedejeker.eu\/wp-content\/uploads\/2023\/09\/eglise-wonck-groot.jpeg\" data-elementor-open-lightbox=\"yes\" data-elementor-lightbox-slideshow=\"a2a6082\" data-e-action-hash=\"#elementor-action%3Aaction%3Dlightbox%26settings%3DeyJpZCI6MTc2NSwidXJsIjoiaHR0cHM6XC9cL2xldmVkZWpla2VyLmV1XC93cC1jb250ZW50XC91cGxvYWRzXC8yMDIzXC8wOVwvZWdsaXNlLXdvbmNrLWdyb290LmpwZWciLCJzbGlkZXNob3ciOiJhMmE2MDgyIn0%3D\">\n\t\t\t\t\t<div class=\"e-gallery-image elementor-gallery-item__image\" data-thumbnail=\"https:\/\/levedejeker.eu\/wp-content\/uploads\/2023\/09\/eglise-wonck-groot-300x225.jpeg\" data-width=\"300\" data-height=\"225\" aria-label=\"\" role=\"img\" ><\/div>\n\t\t\t\t\t\t\t\t\t\t\t<div class=\"elementor-gallery-item__overlay\"><\/div>\n\t\t\t\t\t\t\t\t\t\t\t\t\t\t<\/a>\n\t\t\t\t\t\t\t<a class=\"e-gallery-item elementor-gallery-item elementor-animated-content\" href=\"https:\/\/levedejeker.eu\/wp-content\/uploads\/2023\/09\/griffon-groot.jpeg\" data-elementor-open-lightbox=\"yes\" data-elementor-lightbox-slideshow=\"a2a6082\" data-e-action-hash=\"#elementor-action%3Aaction%3Dlightbox%26settings%3DeyJpZCI6MTc2NywidXJsIjoiaHR0cHM6XC9cL2xldmVkZWpla2VyLmV1XC93cC1jb250ZW50XC91cGxvYWRzXC8yMDIzXC8wOVwvZ3JpZmZvbi1ncm9vdC5qcGVnIiwic2xpZGVzaG93IjoiYTJhNjA4MiJ9\">\n\t\t\t\t\t<div class=\"e-gallery-image elementor-gallery-item__image\" data-thumbnail=\"https:\/\/levedejeker.eu\/wp-content\/uploads\/2023\/09\/griffon-groot-300x225.jpeg\" data-width=\"300\" data-height=\"225\" aria-label=\"\" role=\"img\" ><\/div>\n\t\t\t\t\t\t\t\t\t\t\t<div class=\"elementor-gallery-item__overlay\"><\/div>\n\t\t\t\t\t\t\t\t\t\t\t\t\t\t<\/a>\n\t\t\t\t\t\t\t<a class=\"e-gallery-item elementor-gallery-item elementor-animated-content\" href=\"https:\/\/levedejeker.eu\/wp-content\/uploads\/2023\/09\/station-epuration-groot.jpeg\" data-elementor-open-lightbox=\"yes\" data-elementor-lightbox-slideshow=\"a2a6082\" data-e-action-hash=\"#elementor-action%3Aaction%3Dlightbox%26settings%3DeyJpZCI6MTc3MCwidXJsIjoiaHR0cHM6XC9cL2xldmVkZWpla2VyLmV1XC93cC1jb250ZW50XC91cGxvYWRzXC8yMDIzXC8wOVwvc3RhdGlvbi1lcHVyYXRpb24tZ3Jvb3QuanBlZyIsInNsaWRlc2hvdyI6ImEyYTYwODIifQ%3D%3D\">\n\t\t\t\t\t<div class=\"e-gallery-image elementor-gallery-item__image\" data-thumbnail=\"https:\/\/levedejeker.eu\/wp-content\/uploads\/2023\/09\/station-epuration-groot-300x225.jpeg\" data-width=\"300\" data-height=\"225\" aria-label=\"\" role=\"img\" ><\/div>\n\t\t\t\t\t\t\t\t\t\t\t<div class=\"elementor-gallery-item__overlay\"><\/div>\n\t\t\t\t\t\t\t\t\t\t\t\t\t\t<\/a>\n\t\t\t\t\t<\/div>\n\t\t\t\t\t<\/div>\n\t\t\t\t<\/div>\n\t\t\t\t\t<\/div>\n\t\t\t\t<\/div>\n\t\t\t\t<\/div>","protected":false},"excerpt":{"rendered":"<p>Leve de Jeker op school Leve de Jeker op school Op 19 september gaan we op avontuur! Stichting Leve de Jeker bundelt krachten met Basse-Meuse D\u00e9veloppement en de Classes Vivantes voor een spannende dag bij Moulin de Broukay in Eben Emael. Er zijn basisschoolleerlingen (10 tot 12 jaar) afkomstig van drie basisscholen uit het stroomgebied [&hellip;]<\/p>\n","protected":false},"author":1,"featured_media":0,"parent":0,"menu_order":0,"comment_status":"closed","ping_status":"closed","template":"elementor_header_footer","meta":{"footnotes":""},"class_list":["post-1621","page","type-page","status-publish","hentry"],"_links":{"self":[{"href":"https:\/\/levedejeker.eu\/fr\/wp-json\/wp\/v2\/pages\/1621","targetHints":{"allow":["GET"]}}],"collection":[{"href":"https:\/\/levedejeker.eu\/fr\/wp-json\/wp\/v2\/pages"}],"about":[{"href":"https:\/\/levedejeker.eu\/fr\/wp-json\/wp\/v2\/types\/page"}],"author":[{"embeddable":true,"href":"https:\/\/levedejeker.eu\/fr\/wp-json\/wp\/v2\/users\/1"}],"replies":[{"embeddable":true,"href":"https:\/\/levedejeker.eu\/fr\/wp-json\/wp\/v2\/comments?post=1621"}],"version-history":[{"count":5,"href":"https:\/\/levedejeker.eu\/fr\/wp-json\/wp\/v2\/pages\/1621\/revisions"}],"predecessor-version":[{"id":2019,"href":"https:\/\/levedejeker.eu\/fr\/wp-json\/wp\/v2\/pages\/1621\/revisions\/2019"}],"wp:attachment":[{"href":"https:\/\/levedejeker.eu\/fr\/wp-json\/wp\/v2\/media?parent=1621"}],"curies":[{"name":"wp","href":"https:\/\/api.w.org\/{rel}","templated":true}]}}